{"id":4526,"date":"2022-08-17T13:58:46","date_gmt":"2022-08-17T13:58:46","guid":{"rendered":"https:\/\/escuelabarilochesup.com.ar\/?post_type=product&#038;p=4526"},"modified":"2025-12-27T00:36:15","modified_gmt":"2025-12-27T00:36:15","slug":"chaleco-caraya","status":"publish","type":"product","link":"https:\/\/escuelabarilochesup.com.ar\/index.php\/producto\/chaleco-caraya\/","title":{"rendered":"Chaleco Caraya"},"content":{"rendered":"<p>MODELO CARAYA<br \/>\nTALLES DESDE NI\u00d1O HASTA 140KILOS<br \/>\nTELA TRACKER ANTI DESGARRO<br \/>\nCINTA REFLECTIVA ADELANTE Y ATR\u00c1S<br \/>\nBOLSILLO LATERAL<br \/>\nCINTA PPP REFORZADA<br \/>\nHEBILLAS DE RESINA ACETAL<br \/>\nHOMBROS EL\u00c1STICOS FORRADOS<br \/>\nDOS HEBILLAS DE AJUSTE LATERAL<br \/>\nTALLE S (HASTA 60K) CON ARNES \/ CHIRIPA<br \/>\nTALLE M (HASTA 100K)<br \/>\nTALLE L (HASTA 140K)<\/p>\n","protected":false},"excerpt":{"rendered":"<p>MODELO CARAYA TALLES DESDE NI\u00d1O HASTA 140KILOS TELA TRACKER ANTI DESGARRO CINTA REFLECTIVA ADELANTE Y ATR\u00c1S BOLSILLO LATERAL CINTA PPP REFORZADA HEBILLAS DE RESINA ACETAL HOMBROS EL\u00c1STICOS FORRADOS DOS HEBILLAS DE AJUSTE LATERAL TALLE S (HASTA 60K) CON ARNES \/ CHIRIPA TALLE M (HASTA 100K) TALLE L (HASTA 140K)<\/p>\n","protected":false},"featured_media":4530,"comment_status":"closed","ping_status":"closed","template":"","meta":{"om_disable_all_campaigns":false,"site-sidebar-layout":"default","site-content-layout":"default","ast-site-content-layout":"default","site-content-style":"default","site-sidebar-style":"default","ast-global-header-display":"","ast-banner-title-visibility":"","ast-main-header-display":"","ast-hfb-above-header-display":"","ast-hfb-below-header-display":"","ast-hfb-mobile-header-display":"","site-post-title":"","ast-breadcrumbs-content":"","ast-featured-img":"","footer-sml-layout":"","ast-disable-related-posts":"","theme-transparent-header-meta":"default","adv-header-id-meta":"","stick-header-meta":"","header-above-stick-meta":"","header-main-stick-meta":"","header-below-stick-meta":"","astra-migrate-meta-layouts":"set","ast-page-background-enabled":"default","ast-page-background-meta":{"desktop":{"background-color":"","background-image":"","background-repeat":"repeat","background-position":"center center","background-size":"auto","background-attachment":"scroll","background-type":"","background-media":"","overlay-type":"","overlay-color":"","overlay-opacity":"","overlay-gradient":""},"tablet":{"background-color":"","background-image":"","background-repeat":"repeat","background-position":"center center","background-size":"auto","background-attachment":"scroll","background-type":"","background-media":"","overlay-type":"","overlay-color":"","overlay-opacity":"","overlay-gradient":""},"mobile":{"background-color":"","background-image":"","background-repeat":"repeat","background-position":"center center","background-size":"auto","background-attachment":"scroll","background-type":"","background-media":"","overlay-type":"","overlay-color":"","overlay-opacity":"","overlay-gradient":""}},"ast-content-background-meta":{"desktop":{"background-color":"var(--ast-global-color-5)","background-image":"","background-repeat":"repeat","background-position":"center center","background-size":"auto","background-attachment":"scroll","background-type":"","background-media":"","overlay-type":"","overlay-color":"","overlay-opacity":"","overlay-gradient":""},"tablet":{"background-color":"var(--ast-global-color-5)","background-image":"","background-repeat":"repeat","background-position":"center center","background-size":"auto","background-attachment":"scroll","background-type":"","background-media":"","overlay-type":"","overlay-color":"","overlay-opacity":"","overlay-gradient":""},"mobile":{"background-color":"var(--ast-global-color-5)","background-image":"","background-repeat":"repeat","background-position":"center center","background-size":"auto","background-attachment":"scroll","background-type":"","background-media":"","overlay-type":"","overlay-color":"","overlay-opacity":"","overlay-gradient":""}}},"product_brand":[],"product_cat":[15],"product_tag":[],"class_list":{"0":"post-4526","1":"product","2":"type-product","3":"status-publish","4":"has-post-thumbnail","6":"product_cat-sin-categorizar","7":"desktop-align-left","8":"tablet-align-left","9":"mobile-align-left","11":"first","12":"instock","13":"featured","14":"shipping-taxable","15":"purchasable","16":"product-type-variable"},"_links":{"self":[{"href":"https:\/\/escuelabarilochesup.com.ar\/index.php\/wp-json\/wp\/v2\/product\/4526","targetHints":{"allow":["GET"]}}],"collection":[{"href":"https:\/\/escuelabarilochesup.com.ar\/index.php\/wp-json\/wp\/v2\/product"}],"about":[{"href":"https:\/\/escuelabarilochesup.com.ar\/index.php\/wp-json\/wp\/v2\/types\/product"}],"replies":[{"embeddable":true,"href":"https:\/\/escuelabarilochesup.com.ar\/index.php\/wp-json\/wp\/v2\/comments?post=4526"}],"version-history":[{"count":3,"href":"https:\/\/escuelabarilochesup.com.ar\/index.php\/wp-json\/wp\/v2\/product\/4526\/revisions"}],"predecessor-version":[{"id":4558,"href":"https:\/\/escuelabarilochesup.com.ar\/index.php\/wp-json\/wp\/v2\/product\/4526\/revisions\/4558"}],"wp:featuredmedia":[{"embeddable":true,"href":"https:\/\/escuelabarilochesup.com.ar\/index.php\/wp-json\/wp\/v2\/media\/4530"}],"wp:attachment":[{"href":"https:\/\/escuelabarilochesup.com.ar\/index.php\/wp-json\/wp\/v2\/media?parent=4526"}],"wp:term":[{"taxonomy":"product_brand","embeddable":true,"href":"https:\/\/escuelabarilochesup.com.ar\/index.php\/wp-json\/wp\/v2\/product_brand?post=4526"},{"taxonomy":"product_cat","embeddable":true,"href":"https:\/\/escuelabarilochesup.com.ar\/index.php\/wp-json\/wp\/v2\/product_cat?post=4526"},{"taxonomy":"product_tag","embeddable":true,"href":"https:\/\/escuelabarilochesup.com.ar\/index.php\/wp-json\/wp\/v2\/product_tag?post=4526"}],"curies":[{"name":"wp","href":"https:\/\/api.w.org\/{rel}","templated":true}]}}